{"id":1848,"date":"2024-01-07T13:13:25","date_gmt":"2024-01-07T12:13:25","guid":{"rendered":"https:\/\/feelfree247.com\/deb\/?page_id=1848"},"modified":"2024-01-08T12:58:22","modified_gmt":"2024-01-08T11:58:22","slug":"privacy-policy","status":"publish","type":"page","link":"https:\/\/feelfree247.com\/deb\/privacy-policy\/","title":{"rendered":"privacy-policy"},"content":{"rendered":"<p>[et_pb_section fb_built=&#8220;1&#8243; _builder_version=&#8220;4.16&#8243; _module_preset=&#8220;default&#8220; custom_padding=&#8220;||54px|||&#8220; global_colors_info=&#8220;{}&#8220;][et_pb_row _builder_version=&#8220;4.16&#8243; _module_preset=&#8220;default&#8220; background_size=&#8220;initial&#8220; background_position=&#8220;top_left&#8220; background_repeat=&#8220;repeat&#8220; global_colors_info=&#8220;{}&#8220;][et_pb_column type=&#8220;4_4&#8243; _builder_version=&#8220;4.16&#8243; _module_preset=&#8220;default&#8220; global_colors_info=&#8220;{}&#8220;][et_pb_text _builder_version=&#8220;4.23.4&#8243; _module_preset=&#8220;_initial&#8220; text_font=&#8220;|300||on|||||&#8220; hover_enabled=&#8220;0&#8243; global_colors_info=&#8220;{}&#8220; sticky_enabled=&#8220;0&#8243;]<\/p>\n<h1>Datenschutzerkl\u00e4rung<\/h1>\n<p>[\/et_pb_text][et_pb_text _builder_version=&#8220;4.16.1&#8243; _module_preset=&#8220;_initial&#8220; global_colors_info=&#8220;{}&#8220;]<\/p>\n<div class=\"entry-content\">\n<p>Wir freuen uns \u00fcber Ihr Interesse an unserer Website. Der Schutz Ihrer Privatsph\u00e4re ist f\u00fcr uns sehr wichtig. Nachstehend informieren wir Sie ausf\u00fchrlich \u00fcber den Umgang mit Ihren Daten.<\/p>\n<p><b><strong><br \/>Speicherung von Zugriffsdaten in Server-Logfiles<\/strong><\/b><\/p>\n<p>Sie k\u00f6nnen unsere Webseiten besuchen, ohne Angaben zu Ihrer Person zu machen. Wir speichern lediglich Zugriffsdaten in sogenannten Server-Logfiles, wie z.B. den Namen der angeforderten Datei, Datum und Uhrzeit des Abrufs, \u00fcbertragene Datenmenge und den anfragenden Provider. Diese Daten werden ausschlie\u00dflich zur Sicherstellung eines st\u00f6rungsfreien Betriebs der Seite und zur Verbesserung unseres Angebots ausgewertet und erlauben uns keinen R\u00fcckschluss auf Ihre Person.<\/p>\n<p><strong><\/strong><\/p>\n<p><strong>Datensicherheit<\/strong><\/p>\n<p>Die personenbezogenen Daten werden ausschlie\u00dflich verschl\u00fcsselt mittels SSL, \u00fcber das Internet \u00fcbermittelt. Wir sichern unsere Website und sonstigen Systeme durch technische und organisatorische Ma\u00dfnahmen gegen Verlust, Zerst\u00f6rung, Zugriff, Ver\u00e4nderung oder Verbreitung von Daten durch unbefugte Personen. Das Browserfenster ist zu schlie\u00dfen, wenn die Kommunikation mit uns beendet ist, insbesondere wenn der verwendete Computer gemeinsam mit anderen Personen genutzt wird. Wenn Sie der Meinung sind, dass Ihre Daten nicht sicher sind oder Hinweise auf Missbrauch vorliegen, wenden Sie sich bitte \u00fcber das <span style=\"text-decoration: underline;\"><a href=\"https:\/\/feelfree247.com\/de\/contact\/\">Kontaktformular<\/a><\/span> auf dieser Website an unseren Kundendienst.<\/p>\n<p><b><strong><\/strong><\/b><\/p>\n<p><b><strong>Datenerhebung und -verwendung zur Vertragsabwicklung und bei Er\u00f6ffnung eines Kundenkontos<\/strong><\/b><\/p>\n<p>Wir erheben personenbezogene Daten, wenn Sie uns diese im Rahmen Ihrer Bestellung, bei einer Kontaktaufnahme mit uns (z.B. per <span style=\"text-decoration: underline;\"><a href=\"https:\/\/feelfree247.com\/de\/contact\/\">Kontaktformular<\/a><\/span> oder E-Mail) oder bei Er\u00f6ffnung eines Kundenkontos freiwillig mitteilen. Welche Daten erhoben werden, ist aus den jeweiligen Eingabeformularen ersichtlich. Wir verwenden die von ihnen mitgeteilten Daten zur Vertragsabwicklung und Bearbeitung Ihrer Anfragen. Nach vollst\u00e4ndiger Abwicklung des Vertrages oder L\u00f6schung Ihres Kundenkontos werden Ihre Daten f\u00fcr die weitere Verwendung gesperrt und nach Ablauf der steuer- und handelsrechtlichen Aufbewahrungsfristen (siehe auch nachfolgender Abschnitt) gel\u00f6scht, sofern Sie nicht ausdr\u00fccklich in eine weitere Nutzung Ihrer Daten eingewilligt haben oder wir uns eine dar\u00fcber hinausgehende Datenverwendung vorbehalten, die gesetzlich erlaubt ist und \u00fcber die wir Sie informieren. Travel Detective verarbeitet und nutzt die bei Vertragsabschluss und w\u00e4hrend der Vertragslaufzeit erhobenen Daten, die zur Diensterf\u00fcllung erforderlich sind. Zu diesen geh\u00f6ren ggf. Betriebsname, Vorname, Nachname, ggf. Funktion, Adresse, Telefonnummer(n) und Email-Adresse(n). F\u00fcr allgemeine Berichte, Beratung, Werbung und Marktforschung werden Gebrauchsdaten verwendet. Die L\u00f6schung eines angelegten Kundenkontos ist jederzeit m\u00f6glich und kann durch eine Nachricht an unsere Kontaktdaten im Impressum angefragt werden.<\/p>\n<p><strong><\/strong><\/p>\n<p><strong>Steuer- und handelsrechtlichen Aufbewahrungsfristen von pers\u00f6nlichen Daten<\/strong><\/p>\n<p>Wir bewahren Ihre pers\u00f6nlichen Danten nicht l\u00e4nger als es notwendig ist und nur im Zusammenhang mit Ihrer Auftragserteilung an uns. Nachstehend finden Sie eine \u00dcbersicht der in den Niederlanden geltenden steuer- und handelsrechtlichen Aufbewahrungsfristen f\u00fcr pers\u00f6nliche Daten:<\/p>\n<div class=\"entry-content\">\n<table style=\"height: 169px; width: 615px;\">\n<tbody>\n<tr style=\"height: 56px;\">\n<td style=\"height: 56px; width: 183px;\" width=\"197\"><strong>Kategorien<\/strong><\/td>\n<td style=\"height: 56px; width: 193px;\" width=\"205\"><strong>Aufbewahrungsfrist<\/strong><\/td>\n<td style=\"height: 56px; width: 301px;\" width=\"205\"><strong>Grund<\/strong><\/td>\n<\/tr>\n<tr style=\"height: 56px;\">\n<td style=\"height: 56px; width: 183px;\" width=\"197\">Personalien<\/td>\n<td style=\"height: 56px; width: 193px;\" width=\"205\">7 Jahre<\/td>\n<td style=\"height: 56px; width: 301px;\" width=\"205\">Buchhaltung, Steuerbeh\u00f6rde, Lieferprozess<\/td>\n<\/tr>\n<tr style=\"height: 57px;\">\n<td style=\"height: 57px; width: 183px;\" width=\"197\">Adresse, Telefon Nr. etc.<\/td>\n<td style=\"height: 57px; width: 193px;\" width=\"205\">7Jahre<\/td>\n<td style=\"height: 57px; width: 301px;\" width=\"205\">Buchhaltung, Steuerbeh\u00f6rde, Lieferprozess<\/td>\n<\/tr>\n<\/tbody>\n<\/table>\n<\/div>\n<div class=\"entry-content\">\n<p>&nbsp;<\/p>\n<\/div>\n<p><strong>Besondere und\/oder sensible personenbezogene Daten<\/strong><\/p>\n<\/div>\n<p>Unsere Website und\/oder unser Service hat nicht die Absicht, Daten \u00fcber Website-Besucher zu sammeln, die j\u00fcnger als 16 Jahre sind. Es sei denn, sie haben die Erlaubnis der Eltern oder des Erziehungsberechtigten. Wir k\u00f6nnen jedoch nicht \u00fcberpr\u00fcfen, ob ein Besucher \u00e4lter als 16 Jahre ist. Wir empfehlen daher, dass Eltern in die Online-Aktivit\u00e4ten ihrer Kinder einbezogen werden, um zu verhindern, dass Daten \u00fcber Kinder ohne Zustimmung der Eltern gesammelt werden. Wenn Sie davon \u00fcberzeugt sind, dass wir ohne elterliche Einwilligung personenbezogene Daten \u00fcber einen Minderj\u00e4hrigen gesammelt haben, kontaktieren Sie uns bitte \u00fcber unser <span style=\"text-decoration: underline;\"><a href=\"https:\/\/feelfree247.com\/de\/contact\/\">Kontaktformular<\/a><\/span> auf dieser Website und wir werden diese Daten l\u00f6schen..<\/p>\n<p><strong><\/strong><\/p>\n<p><strong>Automatisierte Prozesse (z.B. basierend auf einer Kaufentscheidung)<\/strong><\/p>\n<p>Wir verwenden zur Automatisierung von Verarbeitungsprozessen folgende Computerprogramme oder Systeme: SQL-Datenbank, Woocommerce, Mollie, WordPress. Diese Systeme werden f\u00fcr die vereinfachte Abwicklung von Bestellungen, Zahlungen und f\u00fcr die auftragsbezogene Kommunikation mit Kunden eingesetzt, ohne dass ein Mitarbeiter von uns dazwischen sitzt.<\/p>\n<div class=\"entry-content\">\n<p><b><strong><\/strong><\/b><\/p>\n<p><b><strong>Datenweitergabe zur Vertragserf\u00fcllung<\/strong><\/b><\/p>\n<p>Zur Vertragserf\u00fcllung geben wir Ihre Daten an das mit der Lieferung beauftragten Versandunternehmen weiter, soweit dies zur Lieferung bestellter Waren erforderlich ist. Zur Abwicklung von Zahlungen geben wir die hierf\u00fcr erforderlichen Zahlungsdaten an das mit der Zahlung beauftragte Kreditinstitut und ggf. von uns beauftragte Zahlungsdienstleister weiter bzw. an den von Ihnen im Bestellprozess ausgew\u00e4hlten Zahlungsdienst.<\/p>\n<p><strong><\/strong><\/p>\n<p><strong>Datenverwendung f\u00fcr E-Mail-Werbung ohne Newsletter-Anmeldung und Ihr Widerspruchsrecht<br \/><\/strong><strong><br \/><\/strong>Wenn wir Ihre E-Mail-Adresse im Zusammenhang mit dem Verkauf einer Ware oder Dienstleistung erhalten und Sie dem nicht widersprochen haben, behalten wir uns vor, Ihnen Angebote zu \u00e4hnlichen Produkten, wie den bereits gekauften, aus unserem Sortiment per E-Mail zuzusenden. Sie k\u00f6nnen dieser Verwendung Ihrer E-Mail-Adresse jederzeit durch eine Nachricht an unsere\u00a0Kontaktdaten im Impressum oder \u00fcber einen daf\u00fcr vorgesehenen Link in der Werbemail widersprechen..<\/p>\n<p><b><strong><\/strong><\/b><\/p>\n<p><b><strong>Verwendung von Facebook Plugins<\/strong><\/b><\/p>\n<p>Auf unserer Website werden sogenannte Social Plugins (\u201ePlugins\u201c) des sozialen Netzwerkes Facebook verwendet, das von der Facebook Inc., 1601 S. California Ave, Palo Alto, CA 94304, USA (\u201eFacebook\u201c) betrieben wird. Die Plugins sind mit einem Facebook-Logo oder dem Zusatz \u201eSoziales Plug-in von Facebook\u201c bzw. \u201eFacebook Social Plugin\u201c gekennzeichnet. Eine \u00dcbersicht \u00fcber die Facebook Plugins und deren Aussehen finden Sie hier: http:\/\/developers.facebook.com\/plugins<\/p>\n<p>Wenn Sie eine Seite unseres Webauftritts aufrufen, die ein solches Plugin enth\u00e4lt, stellt Ihr Browser eine direkte Verbindung zu den Servern von Facebook her. Der Inhalt des Plugins wird von Facebook direkt an Ihren Browser \u00fcbermittelt und in die Seite eingebunden. Durch diese Einbindung erh\u00e4lt Facebook die Information, dass Ihr Browser die entsprechende Seite unseres Webauftritts aufgerufen hat, auch wenn Sie kein Facebook-Profil besitzen oder gerade nicht bei Facebook eingeloggt sind. Diese Information (einschlie\u00dflich Ihrer IP-Adresse) wird von Ihrem Browser direkt an einen Server von Facebook in die USA \u00fcbermittelt und dort gespeichert.<\/p>\n<p>Sind Sie bei Facebook eingeloggt, kann Facebook den Besuch unserer Website Ihrem Facebook-Profil unmittelbar zuordnen. Wenn Sie mit den Plugins interagieren, zum Beispiel den \u201eGef\u00e4llt mir\u201c-Button bet\u00e4tigen oder einen Kommentar abgeben, wird diese Information ebenfalls direkt an einen Server von Facebook \u00fcbermittelt und dort gespeichert. Die Informationen werden au\u00dferdem auf Ihrem Facebook-Profil ver\u00f6ffentlicht und Ihren Facebook-Freunden angezeigt.<\/p>\n<p>Zweck und Umfang der Datenerhebung und die weitere Verarbeitung und Nutzung der Daten durch Facebook sowie Ihre diesbez\u00fcglichen Rechte und Einstellungsm\u00f6glichkeiten zum Schutz Ihrer Privatsph\u00e4re entnehmen Sie bitte den Datenschutzhinweisen von Facebook: <a href=\"http:\/\/www.facebook.com\/policy.php\">http:\/\/www.facebook.com\/policy.php<\/a><\/p>\n<p>Wenn Sie nicht m\u00f6chten, dass Facebook die \u00fcber unseren Webauftritt gesammelten Daten unmittelbar Ihrem Facebook-Profil zuordnet, m\u00fcssen Sie sich vor Ihrem Besuch unserer Website bei Facebook ausloggen. Sie k\u00f6nnen das Laden der Facebook Plugins auch mit Add-Ons f\u00fcr Ihren Browser komplett verhindern, z.B. mit dem \u201eFacebook Blocker\u201c (<a href=\"http:\/\/webgraph.com\/resources\/facebookblocker\/\">http:\/\/webgraph.com\/resources\/facebookblocker\/<\/a>) oder dem Skript-Blocker \u201eNoScript\u201c (<a href=\"http:\/\/noscript.net\/\">http:\/\/noscript.net\/<\/a>).<\/p>\n<p>.<\/p>\n<p><strong><\/strong><\/p>\n<p><strong>Auskunftsrecht und Kontaktm\u00f6glichkeit<\/strong><\/p>\n<p>Sie haben ein Recht auf unentgeltliche Auskunft \u00fcber die bei uns zu Ihrer Person gespeicherten Daten sowie ggf. ein Recht auf Berichtigung, Sperrung oder L\u00f6schung dieser Daten. Bei Fragen zur Erhebung, Verarbeitung oder Nutzung Ihrer personenbezogenen Daten, bei Ausk\u00fcnften, Berichtigung, Sperrung oder L\u00f6schung von Daten sowie Widerruf erteilter Einwilligungen oder Widerspruch gegen eine bestimmte Datenverwendung wenden Sie sich bitte direkt an uns \u00fcber die Kontaktdaten in unserem Impressum.<\/p>\n<p><strong><\/strong><\/p>\n<p><strong>Verwendung von Cookies<\/strong><\/p>\n<p>Wir verwenden ausschlie\u00dflich technische und funktionelle Cookies sowie analytische Cookies, die Ihre Privatsph\u00e4re nicht verletzen. Ein Cookie ist eine kleine Textdatei, die auf Ihrem Computer, Tablett oder Smartphone gespeichert wird, wenn Sie eine Webseite das erste Mal besuchen. Die von uns verwendeten Cookies sind f\u00fcr den technischen Betrieb der Webseite und Ihren Komfort notwendig. Sie stellen sicher, dass die Webseite ordnungsgem\u00e4\u00df funktioniert und merken sich beispielsweise Ihre bevorzugten Einstellungen. Cookies erm\u00f6glichen uns auch, unsere Webseite zu optimieren. \u00a0Unsern Partnerunternehmen ist es nicht gestattet, \u00fcber unsere Website personenbezogene Daten mittels Cookies zu erheben, zu verarbeiten oder zu nutzen. Der Browser ist so einzustellen, dass \u00fcber das Setzen von Cookies informiert wird oder deren Speicherung g\u00e4nzlich zu vermeiden. Dar\u00fcber hinaus k\u00f6nnen Sie auch alle Informationen l\u00f6schen, die zuvor \u00fcber die Einstellungen Ihres Browsers gespeichert wurden.<\/p>\n<\/div>\n<p><strong><\/strong><\/p>\n<p>&nbsp;<\/p>\n<p>[\/et_pb_text][\/et_pb_column][\/et_pb_row][\/et_pb_section]<\/p>\n","protected":false},"excerpt":{"rendered":"<p>Datenschutzerkl\u00e4rung Wir freuen uns \u00fcber Ihr Interesse an unserer Website. Der Schutz Ihrer Privatsph\u00e4re ist f\u00fcr uns sehr wichtig. Nachstehend informieren wir Sie ausf\u00fchrlich \u00fcber den Umgang mit Ihren Daten. Speicherung von Zugriffsdaten in Server-Logfiles Sie k\u00f6nnen unsere Webseiten besuchen, ohne Angaben zu Ihrer Person zu machen. Wir speichern lediglich Zugriffsdaten in sogenannten Server-Logfiles, wie [&hellip;]<\/p>\n","protected":false},"author":1,"featured_media":0,"parent":0,"menu_order":0,"comment_status":"closed","ping_status":"closed","template":"","meta":{"_et_pb_use_builder":"on","_et_pb_old_content":"","_et_gb_content_width":"","footnotes":""},"class_list":["post-1848","page","type-page","status-publish","hentry"],"yoast_head":"<!-- This site is optimized with the Yoast SEO plugin v27.4 - https:\/\/yoast.com\/product\/yoast-seo-wordpress\/ -->\n<title>privacy-policy - DE Business<\/title>\n<meta name=\"robots\" content=\"index, follow, max-snippet:-1, max-image-preview:large, max-video-preview:-1\" \/>\n<link rel=\"canonical\" href=\"https:\/\/feelfree247.com\/deb\/privacy-policy\/\" \/>\n<meta property=\"og:locale\" content=\"de_DE\" \/>\n<meta property=\"og:type\" content=\"article\" \/>\n<meta property=\"og:title\" content=\"privacy-policy - DE Business\" \/>\n<meta property=\"og:description\" content=\"Datenschutzerkl\u00e4rung Wir freuen uns \u00fcber Ihr Interesse an unserer Website. Der Schutz Ihrer Privatsph\u00e4re ist f\u00fcr uns sehr wichtig. Nachstehend informieren wir Sie ausf\u00fchrlich \u00fcber den Umgang mit Ihren Daten. Speicherung von Zugriffsdaten in Server-Logfiles Sie k\u00f6nnen unsere Webseiten besuchen, ohne Angaben zu Ihrer Person zu machen. Wir speichern lediglich Zugriffsdaten in sogenannten Server-Logfiles, wie [&hellip;]\" \/>\n<meta property=\"og:url\" content=\"https:\/\/feelfree247.com\/deb\/privacy-policy\/\" \/>\n<meta property=\"og:site_name\" content=\"DE Business\" \/>\n<meta property=\"article:publisher\" content=\"https:\/\/www.facebook.com\/feelfree247app\/\" \/>\n<meta property=\"article:modified_time\" content=\"2024-01-08T11:58:22+00:00\" \/>\n<meta name=\"twitter:card\" content=\"summary_large_image\" \/>\n<script type=\"application\/ld+json\" class=\"yoast-schema-graph\">{\"@context\":\"https:\\\/\\\/schema.org\",\"@graph\":[{\"@type\":\"WebPage\",\"@id\":\"https:\\\/\\\/feelfree247.com\\\/deb\\\/privacy-policy\\\/\",\"url\":\"https:\\\/\\\/feelfree247.com\\\/deb\\\/privacy-policy\\\/\",\"name\":\"privacy-policy - DE Business\",\"isPartOf\":{\"@id\":\"https:\\\/\\\/feelfree247.com\\\/deb\\\/#website\"},\"datePublished\":\"2024-01-07T12:13:25+00:00\",\"dateModified\":\"2024-01-08T11:58:22+00:00\",\"breadcrumb\":{\"@id\":\"https:\\\/\\\/feelfree247.com\\\/deb\\\/privacy-policy\\\/#breadcrumb\"},\"inLanguage\":\"de\",\"potentialAction\":[{\"@type\":\"ReadAction\",\"target\":[\"https:\\\/\\\/feelfree247.com\\\/deb\\\/privacy-policy\\\/\"]}]},{\"@type\":\"BreadcrumbList\",\"@id\":\"https:\\\/\\\/feelfree247.com\\\/deb\\\/privacy-policy\\\/#breadcrumb\",\"itemListElement\":[{\"@type\":\"ListItem\",\"position\":1,\"name\":\"Home\",\"item\":\"https:\\\/\\\/feelfree247.com\\\/deb\\\/\"},{\"@type\":\"ListItem\",\"position\":2,\"name\":\"privacy-policy\"}]},{\"@type\":\"WebSite\",\"@id\":\"https:\\\/\\\/feelfree247.com\\\/deb\\\/#website\",\"url\":\"https:\\\/\\\/feelfree247.com\\\/deb\\\/\",\"name\":\"DE Business\",\"description\":\"Ihr internationaler Reisebegleiter\",\"publisher\":{\"@id\":\"https:\\\/\\\/feelfree247.com\\\/deb\\\/#organization\"},\"potentialAction\":[{\"@type\":\"SearchAction\",\"target\":{\"@type\":\"EntryPoint\",\"urlTemplate\":\"https:\\\/\\\/feelfree247.com\\\/deb\\\/?s={search_term_string}\"},\"query-input\":{\"@type\":\"PropertyValueSpecification\",\"valueRequired\":true,\"valueName\":\"search_term_string\"}}],\"inLanguage\":\"de\"},{\"@type\":\"Organization\",\"@id\":\"https:\\\/\\\/feelfree247.com\\\/deb\\\/#organization\",\"name\":\"Feel Free 24\\\/7 - Travel Detective\",\"url\":\"https:\\\/\\\/feelfree247.com\\\/deb\\\/\",\"logo\":{\"@type\":\"ImageObject\",\"inLanguage\":\"de\",\"@id\":\"https:\\\/\\\/feelfree247.com\\\/deb\\\/#\\\/schema\\\/logo\\\/image\\\/\",\"url\":\"https:\\\/\\\/feelfree247.com\\\/deb\\\/wp-content\\\/uploads\\\/sites\\\/4\\\/2022\\\/03\\\/Logo-Feel-Free-247-zwartwit.png\",\"contentUrl\":\"https:\\\/\\\/feelfree247.com\\\/deb\\\/wp-content\\\/uploads\\\/sites\\\/4\\\/2022\\\/03\\\/Logo-Feel-Free-247-zwartwit.png\",\"width\":618,\"height\":216,\"caption\":\"Feel Free 24\\\/7 - Travel Detective\"},\"image\":{\"@id\":\"https:\\\/\\\/feelfree247.com\\\/deb\\\/#\\\/schema\\\/logo\\\/image\\\/\"},\"sameAs\":[\"https:\\\/\\\/www.facebook.com\\\/feelfree247app\\\/\"]}]}<\/script>\n<!-- \/ Yoast SEO plugin. -->","yoast_head_json":{"title":"privacy-policy - DE Business","robots":{"index":"index","follow":"follow","max-snippet":"max-snippet:-1","max-image-preview":"max-image-preview:large","max-video-preview":"max-video-preview:-1"},"canonical":"https:\/\/feelfree247.com\/deb\/privacy-policy\/","og_locale":"de_DE","og_type":"article","og_title":"privacy-policy - DE Business","og_description":"Datenschutzerkl\u00e4rung Wir freuen uns \u00fcber Ihr Interesse an unserer Website. Der Schutz Ihrer Privatsph\u00e4re ist f\u00fcr uns sehr wichtig. Nachstehend informieren wir Sie ausf\u00fchrlich \u00fcber den Umgang mit Ihren Daten. Speicherung von Zugriffsdaten in Server-Logfiles Sie k\u00f6nnen unsere Webseiten besuchen, ohne Angaben zu Ihrer Person zu machen. Wir speichern lediglich Zugriffsdaten in sogenannten Server-Logfiles, wie [&hellip;]","og_url":"https:\/\/feelfree247.com\/deb\/privacy-policy\/","og_site_name":"DE Business","article_publisher":"https:\/\/www.facebook.com\/feelfree247app\/","article_modified_time":"2024-01-08T11:58:22+00:00","twitter_card":"summary_large_image","schema":{"@context":"https:\/\/schema.org","@graph":[{"@type":"WebPage","@id":"https:\/\/feelfree247.com\/deb\/privacy-policy\/","url":"https:\/\/feelfree247.com\/deb\/privacy-policy\/","name":"privacy-policy - DE Business","isPartOf":{"@id":"https:\/\/feelfree247.com\/deb\/#website"},"datePublished":"2024-01-07T12:13:25+00:00","dateModified":"2024-01-08T11:58:22+00:00","breadcrumb":{"@id":"https:\/\/feelfree247.com\/deb\/privacy-policy\/#breadcrumb"},"inLanguage":"de","potentialAction":[{"@type":"ReadAction","target":["https:\/\/feelfree247.com\/deb\/privacy-policy\/"]}]},{"@type":"BreadcrumbList","@id":"https:\/\/feelfree247.com\/deb\/privacy-policy\/#breadcrumb","itemListElement":[{"@type":"ListItem","position":1,"name":"Home","item":"https:\/\/feelfree247.com\/deb\/"},{"@type":"ListItem","position":2,"name":"privacy-policy"}]},{"@type":"WebSite","@id":"https:\/\/feelfree247.com\/deb\/#website","url":"https:\/\/feelfree247.com\/deb\/","name":"DE Business","description":"Ihr internationaler Reisebegleiter","publisher":{"@id":"https:\/\/feelfree247.com\/deb\/#organization"},"potentialAction":[{"@type":"SearchAction","target":{"@type":"EntryPoint","urlTemplate":"https:\/\/feelfree247.com\/deb\/?s={search_term_string}"},"query-input":{"@type":"PropertyValueSpecification","valueRequired":true,"valueName":"search_term_string"}}],"inLanguage":"de"},{"@type":"Organization","@id":"https:\/\/feelfree247.com\/deb\/#organization","name":"Feel Free 24\/7 - Travel Detective","url":"https:\/\/feelfree247.com\/deb\/","logo":{"@type":"ImageObject","inLanguage":"de","@id":"https:\/\/feelfree247.com\/deb\/#\/schema\/logo\/image\/","url":"https:\/\/feelfree247.com\/deb\/wp-content\/uploads\/sites\/4\/2022\/03\/Logo-Feel-Free-247-zwartwit.png","contentUrl":"https:\/\/feelfree247.com\/deb\/wp-content\/uploads\/sites\/4\/2022\/03\/Logo-Feel-Free-247-zwartwit.png","width":618,"height":216,"caption":"Feel Free 24\/7 - Travel Detective"},"image":{"@id":"https:\/\/feelfree247.com\/deb\/#\/schema\/logo\/image\/"},"sameAs":["https:\/\/www.facebook.com\/feelfree247app\/"]}]}},"_links":{"self":[{"href":"https:\/\/feelfree247.com\/deb\/wp-json\/wp\/v2\/pages\/1848","targetHints":{"allow":["GET"]}}],"collection":[{"href":"https:\/\/feelfree247.com\/deb\/wp-json\/wp\/v2\/pages"}],"about":[{"href":"https:\/\/feelfree247.com\/deb\/wp-json\/wp\/v2\/types\/page"}],"author":[{"embeddable":true,"href":"https:\/\/feelfree247.com\/deb\/wp-json\/wp\/v2\/users\/1"}],"replies":[{"embeddable":true,"href":"https:\/\/feelfree247.com\/deb\/wp-json\/wp\/v2\/comments?post=1848"}],"version-history":[{"count":4,"href":"https:\/\/feelfree247.com\/deb\/wp-json\/wp\/v2\/pages\/1848\/revisions"}],"predecessor-version":[{"id":1853,"href":"https:\/\/feelfree247.com\/deb\/wp-json\/wp\/v2\/pages\/1848\/revisions\/1853"}],"wp:attachment":[{"href":"https:\/\/feelfree247.com\/deb\/wp-json\/wp\/v2\/media?parent=1848"}],"curies":[{"name":"wp","href":"https:\/\/api.w.org\/{rel}","templated":true}]}}